{"id":1033,"date":"2023-08-08T16:56:29","date_gmt":"2023-08-08T13:56:29","guid":{"rendered":"https:\/\/e-kalastus.ee\/toode\/noor-ygk-bornrush-pe-wx8-06-012mm-200m-green\/"},"modified":"2026-04-10T16:01:44","modified_gmt":"2026-04-10T13:01:44","slug":"noor-ygk-bornrush-pe-wx8-06-012mm-200m-green","status":"publish","type":"product","link":"https:\/\/e-kalastus.ee\/toode\/noor-ygk-bornrush-pe-wx8-06-012mm-200m-green\/","title":{"rendered":"YGK Bornrush WX8 #0.6 0.12mm 6.8kg 200m"},"content":{"rendered":"<p>Maailma suurim PE-tootmisettev\u00f5te pakub \u00e4\u00e4rmiselt t\u00e4pset punumist, mille tulemuseks on \u00fchtlane punutise tihedus, mis tagab \u00e4\u00e4rmiselt stabiilse tugevuse.<\/p>\n<p>Patenteeritud HST.WX-konstruktsiooni meetod pakub paremat kulumiskindlust ja v\u00e4ikest venivust, muutes selle uskumatult t\u00f5husaks s\u00fcgaval kalap\u00fc\u00fcgil ja korduval r\u00f5ngasr\u00f5nga h\u00f5\u00f5rdumisel.<\/p>\n<p>V\u00e4rvimismuster v\u00f5imaldab ka strateegilist l\u00e4henemist, mis kasutab maksimaalselt \u00e4ra vasturulliga varustatud rulli p\u00f5hiomadusi, tekitamata seejuures ebamugavust valikulisele merikogerile.<\/p>\n\n    <div class=\"xs_social_share_widget xs_share_url after_content \t\tmain_content  wslu-style-1 wslu-share-box-shaped wslu-fill-colored wslu-none wslu-share-horizontal wslu-theme-font-no wslu-main_content\">\n\n\t\t\n        <ul>\n\t\t\t        <\/ul>\n    <\/div>","protected":false},"excerpt":{"rendered":"<p>Suurep\u00e4rane WX8PE BornRush on viinud k\u00f5hnuse ja tugevuse eelise v\u00f5rratule tasemele.<\/p>\n","protected":false},"featured_media":69888,"template":"","meta":{"_uag_custom_page_level_css":""},"product_brand":[1599],"product_cat":[1158],"product_tag":[],"class_list":{"0":"post-1033","1":"product","2":"type-product","3":"status-publish","4":"has-post-thumbnail","6":"product_brand-ygk","7":"product_cat-noorid","8":"pa_brand-ygk","9":"pa_labimoot-0-11-0-20mm","11":"first","12":"outofstock","13":"taxable","14":"shipping-taxable","15":"purchasable","16":"product-type-simple"},"uagb_featured_image_src":{"full":["https:\/\/e-kalastus.b-cdn.net\/wp-content\/uploads\/2024\/07\/Ygk-bornrush-pe-wx8-0-5-12lb-200m-marking-2.jpg",395,606,false],"thumbnail":["https:\/\/e-kalastus.b-cdn.net\/wp-content\/uploads\/2024\/07\/Ygk-bornrush-pe-wx8-0-5-12lb-200m-marking-2-150x150.jpg",150,150,true],"medium":["https:\/\/e-kalastus.b-cdn.net\/wp-content\/uploads\/2024\/07\/Ygk-bornrush-pe-wx8-0-5-12lb-200m-marking-2-300x300.jpg",300,300,true],"medium_large":["https:\/\/e-kalastus.b-cdn.net\/wp-content\/uploads\/2024\/07\/Ygk-bornrush-pe-wx8-0-5-12lb-200m-marking-2-768x768.jpg",768,768,true],"large":["https:\/\/e-kalastus.b-cdn.net\/wp-content\/uploads\/2024\/07\/Ygk-bornrush-pe-wx8-0-5-12lb-200m-marking-2-800x800.jpg",800,800,true],"1536x1536":["https:\/\/e-kalastus.b-cdn.net\/wp-content\/uploads\/2024\/07\/Ygk-bornrush-pe-wx8-0-5-12lb-200m-marking-2.jpg",395,606,false],"2048x2048":["https:\/\/e-kalastus.b-cdn.net\/wp-content\/uploads\/2024\/07\/Ygk-bornrush-pe-wx8-0-5-12lb-200m-marking-2.jpg",395,606,false],"woocommerce_thumbnail":["https:\/\/e-kalastus.b-cdn.net\/wp-content\/uploads\/2024\/07\/Ygk-bornrush-pe-wx8-0-5-12lb-200m-marking-2-768x768.jpg",324,324,true],"woocommerce_single":["https:\/\/e-kalastus.b-cdn.net\/wp-content\/uploads\/2024\/07\/Ygk-bornrush-pe-wx8-0-5-12lb-200m-marking-2.jpg",395,606,false],"woocommerce_gallery_thumbnail":["https:\/\/e-kalastus.b-cdn.net\/wp-content\/uploads\/2024\/07\/Ygk-bornrush-pe-wx8-0-5-12lb-200m-marking-2-100x100.jpg",100,100,true]},"uagb_author_info":{"display_name":"adam.mrozek","author_link":"https:\/\/e-kalastus.ee\/author\/"},"uagb_comment_info":0,"uagb_excerpt":"Suurep\u00e4rane WX8PE BornRush on viinud k\u00f5hnuse ja tugevuse eelise v\u00f5rratule tasemele.","_links":{"self":[{"href":"https:\/\/e-kalastus.ee\/wp-json\/wp\/v2\/product\/1033","targetHints":{"allow":["GET"]}}],"collection":[{"href":"https:\/\/e-kalastus.ee\/wp-json\/wp\/v2\/product"}],"about":[{"href":"https:\/\/e-kalastus.ee\/wp-json\/wp\/v2\/types\/product"}],"wp:featuredmedia":[{"embeddable":true,"href":"https:\/\/e-kalastus.ee\/wp-json\/wp\/v2\/media\/69888"}],"wp:attachment":[{"href":"https:\/\/e-kalastus.ee\/wp-json\/wp\/v2\/media?parent=1033"}],"wp:term":[{"taxonomy":"product_brand","embeddable":true,"href":"https:\/\/e-kalastus.ee\/wp-json\/wp\/v2\/product_brand?post=1033"},{"taxonomy":"product_cat","embeddable":true,"href":"https:\/\/e-kalastus.ee\/wp-json\/wp\/v2\/product_cat?post=1033"},{"taxonomy":"product_tag","embeddable":true,"href":"https:\/\/e-kalastus.ee\/wp-json\/wp\/v2\/product_tag?post=1033"}],"curies":[{"name":"wp","href":"https:\/\/api.w.org\/{rel}","templated":true}]}}